{"id":93,"date":"2019-04-30T11:47:34","date_gmt":"2019-04-30T09:47:34","guid":{"rendered":"http:\/\/www.trattoria-una.de\/wordpress\/?page_id=93"},"modified":"2020-09-10T08:45:54","modified_gmt":"2020-09-10T06:45:54","slug":"kunst-in-der-trattoria","status":"publish","type":"page","link":"http:\/\/www.trattoria-una.de\/wordpress\/kunst-in-der-trattoria\/","title":{"rendered":"Kunst in der Trattoria"},"content":{"rendered":"\n<p>Kulinarisches und Kunst zusammenbringen. <\/p>\n\n\n\n<p>Wir pr\u00e4sentieren Ihnen in unseren R\u00e4umlichkeiten stolz die neuen Werke der K\u00fcnstlerin <strong>Renate R\u00fcter-Nork<\/strong> aus Bergisch Gladbach. <\/p>\n\n\n\n<p>Weitere Informationen \u00fcber die K\u00fcnstlerin finden sie unter <a href=\"https:\/\/www.rn-acrylbilder.de\/dauerausstellung-una-neue-bilder\/\" data-type=\"URL\" data-id=\"https:\/\/www.rn-acrylbilder.de\/dauerausstellung-una-neue-bilder\/\" target=\"_blank\" rel=\"noreferrer noopener\">https:\/\/www.rn-acrylbilder.de\/dauerausstellung-una-neue-bilder\/<\/a><\/p>\n\n\n\n<figure class=\"wp-block-image size-large\"><img decoding=\"async\" loading=\"lazy\" width=\"1024\" height=\"575\" src=\"http:\/\/www.trattoria-una.de\/wordpress\/wp-content\/uploads\/2020\/09\/NeueKunst2020_2-1024x575.jpg\" alt=\"\" class=\"wp-image-279\" srcset=\"http:\/\/www.trattoria-una.de\/wordpress\/wp-content\/uploads\/2020\/09\/NeueKunst2020_2-1024x575.jpg 1024w, http:\/\/www.trattoria-una.de\/wordpress\/wp-content\/uploads\/2020\/09\/NeueKunst2020_2-300x168.jpg 300w, http:\/\/www.trattoria-una.de\/wordpress\/wp-content\/uploads\/2020\/09\/NeueKunst2020_2-768x431.jpg 768w, http:\/\/www.trattoria-una.de\/wordpress\/wp-content\/uploads\/2020\/09\/NeueKunst2020_2-1536x862.jpg 1536w, http:\/\/www.trattoria-una.de\/wordpress\/wp-content\/uploads\/2020\/09\/NeueKunst2020_2-2048x1149.jpg 2048w, http:\/\/www.trattoria-una.de\/wordpress\/wp-content\/uploads\/2020\/09\/NeueKunst2020_2-400x225.jpg 400w\" sizes=\"(max-width: 1024px) 100vw, 1024px\" \/><\/figure>\n\n\n\n<figure class=\"wp-block-image size-large\"><img decoding=\"async\" loading=\"lazy\" width=\"1024\" height=\"573\" src=\"http:\/\/www.trattoria-una.de\/wordpress\/wp-content\/uploads\/2020\/09\/NeueKunst2020_3-1024x573.jpg\" alt=\"\" class=\"wp-image-280\" srcset=\"http:\/\/www.trattoria-una.de\/wordpress\/wp-content\/uploads\/2020\/09\/NeueKunst2020_3-1024x573.jpg 1024w, http:\/\/www.trattoria-una.de\/wordpress\/wp-content\/uploads\/2020\/09\/NeueKunst2020_3-300x168.jpg 300w, http:\/\/www.trattoria-una.de\/wordpress\/wp-content\/uploads\/2020\/09\/NeueKunst2020_3-768x430.jpg 768w, http:\/\/www.trattoria-una.de\/wordpress\/wp-content\/uploads\/2020\/09\/NeueKunst2020_3-1536x860.jpg 1536w, http:\/\/www.trattoria-una.de\/wordpress\/wp-content\/uploads\/2020\/09\/NeueKunst2020_3-2048x1147.jpg 2048w, http:\/\/www.trattoria-una.de\/wordpress\/wp-content\/uploads\/2020\/09\/NeueKunst2020_3-400x225.jpg 400w\" sizes=\"(max-width: 1024px) 100vw, 1024px\" \/><\/figure>\n\n\n\n<figure class=\"wp-block-image size-large\"><img decoding=\"async\" loading=\"lazy\" width=\"1024\" height=\"341\" src=\"http:\/\/www.trattoria-una.de\/wordpress\/wp-content\/uploads\/2020\/09\/NeueKunst2020_4-1024x341.jpg\" alt=\"\" class=\"wp-image-281\" srcset=\"http:\/\/www.trattoria-una.de\/wordpress\/wp-content\/uploads\/2020\/09\/NeueKunst2020_4-1024x341.jpg 1024w, http:\/\/www.trattoria-una.de\/wordpress\/wp-content\/uploads\/2020\/09\/NeueKunst2020_4-300x100.jpg 300w, http:\/\/www.trattoria-una.de\/wordpress\/wp-content\/uploads\/2020\/09\/NeueKunst2020_4-768x256.jpg 768w, http:\/\/www.trattoria-una.de\/wordpress\/wp-content\/uploads\/2020\/09\/NeueKunst2020_4-1536x511.jpg 1536w, http:\/\/www.trattoria-una.de\/wordpress\/wp-content\/uploads\/2020\/09\/NeueKunst2020_4.jpg 1760w\" sizes=\"(max-width: 1024px) 100vw, 1024px\" \/><\/figure>\n\n\n\n<figure class=\"wp-block-image size-large\"><img decoding=\"async\" loading=\"lazy\" width=\"1024\" height=\"1022\" src=\"http:\/\/www.trattoria-una.de\/wordpress\/wp-content\/uploads\/2020\/09\/NeueKunst2020-1024x1022.jpg\" alt=\"\" class=\"wp-image-278\" srcset=\"http:\/\/www.trattoria-una.de\/wordpress\/wp-content\/uploads\/2020\/09\/NeueKunst2020-1024x1022.jpg 1024w, http:\/\/www.trattoria-una.de\/wordpress\/wp-content\/uploads\/2020\/09\/NeueKunst2020-300x300.jpg 300w, http:\/\/www.trattoria-una.de\/wordpress\/wp-content\/uploads\/2020\/09\/NeueKunst2020-150x150.jpg 150w, http:\/\/www.trattoria-una.de\/wordpress\/wp-content\/uploads\/2020\/09\/NeueKunst2020-768x766.jpg 768w, http:\/\/www.trattoria-una.de\/wordpress\/wp-content\/uploads\/2020\/09\/NeueKunst2020-1536x1533.jpg 1536w, http:\/\/www.trattoria-una.de\/wordpress\/wp-content\/uploads\/2020\/09\/NeueKunst2020-600x600.jpg 600w, http:\/\/www.trattoria-una.de\/wordpress\/wp-content\/uploads\/2020\/09\/NeueKunst2020.jpg 1782w\" sizes=\"(max-width: 1024px) 100vw, 1024px\" \/><figcaption>Neue Kunst in der Trattoria Una<\/figcaption><\/figure>\n\n\n\n<figure class=\"wp-block-gallery columns-3 is-cropped wp-block-gallery-1 is-layout-flex\"><ul class=\"blocks-gallery-grid\"><li class=\"blocks-gallery-item\"><figure><img decoding=\"async\" loading=\"lazy\" width=\"1024\" height=\"576\" src=\"http:\/\/www.trattoria-una.de\/wordpress\/wp-content\/uploads\/2019\/04\/imprUna_20181112_RNausstellungen_DSC0255-1024x576.jpg\" alt=\"\" data-id=\"94\" data-link=\"http:\/\/www.trattoria-una.de\/wordpress\/?attachment_id=94#main\" class=\"wp-image-94\" srcset=\"http:\/\/www.trattoria-una.de\/wordpress\/wp-content\/uploads\/2019\/04\/imprUna_20181112_RNausstellungen_DSC0255-1024x576.jpg 1024w, http:\/\/www.trattoria-una.de\/wordpress\/wp-content\/uploads\/2019\/04\/imprUna_20181112_RNausstellungen_DSC0255-300x169.jpg 300w, http:\/\/www.trattoria-una.de\/wordpress\/wp-content\/uploads\/2019\/04\/imprUna_20181112_RNausstellungen_DSC0255-768x432.jpg 768w, http:\/\/www.trattoria-una.de\/wordpress\/wp-content\/uploads\/2019\/04\/imprUna_20181112_RNausstellungen_DSC0255-400x225.jpg 400w, http:\/\/www.trattoria-una.de\/wordpress\/wp-content\/uploads\/2019\/04\/imprUna_20181112_RNausstellungen_DSC0255.jpg 1600w\" sizes=\"(max-width: 1024px) 100vw, 1024px\" \/><\/figure><\/li><li class=\"blocks-gallery-item\"><figure><img decoding=\"async\" loading=\"lazy\" width=\"1024\" height=\"576\" src=\"http:\/\/www.trattoria-una.de\/wordpress\/wp-content\/uploads\/2019\/04\/imprUna_20181219_RNausstellungenDSC_0567-1024x576.jpg\" alt=\"\" data-id=\"95\" data-link=\"http:\/\/www.trattoria-una.de\/wordpress\/?attachment_id=95#main\" class=\"wp-image-95\" srcset=\"http:\/\/www.trattoria-una.de\/wordpress\/wp-content\/uploads\/2019\/04\/imprUna_20181219_RNausstellungenDSC_0567-1024x576.jpg 1024w, http:\/\/www.trattoria-una.de\/wordpress\/wp-content\/uploads\/2019\/04\/imprUna_20181219_RNausstellungenDSC_0567-300x169.jpg 300w, http:\/\/www.trattoria-una.de\/wordpress\/wp-content\/uploads\/2019\/04\/imprUna_20181219_RNausstellungenDSC_0567-768x432.jpg 768w, http:\/\/www.trattoria-una.de\/wordpress\/wp-content\/uploads\/2019\/04\/imprUna_20181219_RNausstellungenDSC_0567-400x225.jpg 400w, http:\/\/www.trattoria-una.de\/wordpress\/wp-content\/uploads\/2019\/04\/imprUna_20181219_RNausstellungenDSC_0567.jpg 1600w\" sizes=\"(max-width: 1024px) 100vw, 1024px\" \/><\/figure><\/li><li class=\"blocks-gallery-item\"><figure><img decoding=\"async\" loading=\"lazy\" width=\"1024\" height=\"1024\" src=\"http:\/\/www.trattoria-una.de\/wordpress\/wp-content\/uploads\/2019\/04\/imprUna2018_20181112_RNausstellungen_DSC0247-1-1024x1024.jpg\" alt=\"\" data-id=\"96\" data-link=\"http:\/\/www.trattoria-una.de\/wordpress\/?attachment_id=96#main\" class=\"wp-image-96\" srcset=\"http:\/\/www.trattoria-una.de\/wordpress\/wp-content\/uploads\/2019\/04\/imprUna2018_20181112_RNausstellungen_DSC0247-1-1024x1024.jpg 1024w, http:\/\/www.trattoria-una.de\/wordpress\/wp-content\/uploads\/2019\/04\/imprUna2018_20181112_RNausstellungen_DSC0247-1-150x150.jpg 150w, http:\/\/www.trattoria-una.de\/wordpress\/wp-content\/uploads\/2019\/04\/imprUna2018_20181112_RNausstellungen_DSC0247-1-300x300.jpg 300w, http:\/\/www.trattoria-una.de\/wordpress\/wp-content\/uploads\/2019\/04\/imprUna2018_20181112_RNausstellungen_DSC0247-1-768x768.jpg 768w, http:\/\/www.trattoria-una.de\/wordpress\/wp-content\/uploads\/2019\/04\/imprUna2018_20181112_RNausstellungen_DSC0247-1-600x600.jpg 600w, http:\/\/www.trattoria-una.de\/wordpress\/wp-content\/uploads\/2019\/04\/imprUna2018_20181112_RNausstellungen_DSC0247-1.jpg 1600w\" sizes=\"(max-width: 1024px) 100vw, 1024px\" \/><\/figure><\/li><li class=\"blocks-gallery-item\"><figure><img decoding=\"async\" loading=\"lazy\" width=\"1024\" height=\"576\" src=\"http:\/\/www.trattoria-una.de\/wordpress\/wp-content\/uploads\/2019\/04\/imprUna2018_20181112_RNausstellungen_DSC0252-1-1024x576.jpg\" alt=\"\" data-id=\"97\" data-link=\"http:\/\/www.trattoria-una.de\/wordpress\/?attachment_id=97#main\" class=\"wp-image-97\" srcset=\"http:\/\/www.trattoria-una.de\/wordpress\/wp-content\/uploads\/2019\/04\/imprUna2018_20181112_RNausstellungen_DSC0252-1-1024x576.jpg 1024w, http:\/\/www.trattoria-una.de\/wordpress\/wp-content\/uploads\/2019\/04\/imprUna2018_20181112_RNausstellungen_DSC0252-1-300x169.jpg 300w, http:\/\/www.trattoria-una.de\/wordpress\/wp-content\/uploads\/2019\/04\/imprUna2018_20181112_RNausstellungen_DSC0252-1-768x432.jpg 768w, http:\/\/www.trattoria-una.de\/wordpress\/wp-content\/uploads\/2019\/04\/imprUna2018_20181112_RNausstellungen_DSC0252-1-400x225.jpg 400w, http:\/\/www.trattoria-una.de\/wordpress\/wp-content\/uploads\/2019\/04\/imprUna2018_20181112_RNausstellungen_DSC0252-1.jpg 1600w\" sizes=\"(max-width: 1024px) 100vw, 1024px\" \/><\/figure><\/li><li class=\"blocks-gallery-item\"><figure><img decoding=\"async\" loading=\"lazy\" width=\"1024\" height=\"576\" src=\"http:\/\/www.trattoria-una.de\/wordpress\/wp-content\/uploads\/2019\/04\/imprUna2018_20181112_RNausstellungen_DSC0253-1-1024x576.jpg\" alt=\"\" data-id=\"98\" data-link=\"http:\/\/www.trattoria-una.de\/wordpress\/?attachment_id=98#main\" class=\"wp-image-98\" srcset=\"http:\/\/www.trattoria-una.de\/wordpress\/wp-content\/uploads\/2019\/04\/imprUna2018_20181112_RNausstellungen_DSC0253-1-1024x576.jpg 1024w, http:\/\/www.trattoria-una.de\/wordpress\/wp-content\/uploads\/2019\/04\/imprUna2018_20181112_RNausstellungen_DSC0253-1-300x169.jpg 300w, http:\/\/www.trattoria-una.de\/wordpress\/wp-content\/uploads\/2019\/04\/imprUna2018_20181112_RNausstellungen_DSC0253-1-768x432.jpg 768w, http:\/\/www.trattoria-una.de\/wordpress\/wp-content\/uploads\/2019\/04\/imprUna2018_20181112_RNausstellungen_DSC0253-1-400x225.jpg 400w, http:\/\/www.trattoria-una.de\/wordpress\/wp-content\/uploads\/2019\/04\/imprUna2018_20181112_RNausstellungen_DSC0253-1.jpg 1600w\" sizes=\"(max-width: 1024px) 100vw, 1024px\" \/><\/figure><\/li><li class=\"blocks-gallery-item\"><figure><img decoding=\"async\" loading=\"lazy\" width=\"1024\" height=\"683\" src=\"http:\/\/www.trattoria-una.de\/wordpress\/wp-content\/uploads\/2019\/04\/imprUna2018_20181112_RNausstellungen_DSC0258-1-1024x683.jpg\" alt=\"\" data-id=\"99\" data-link=\"http:\/\/www.trattoria-una.de\/wordpress\/?attachment_id=99#main\" class=\"wp-image-99\" srcset=\"http:\/\/www.trattoria-una.de\/wordpress\/wp-content\/uploads\/2019\/04\/imprUna2018_20181112_RNausstellungen_DSC0258-1-1024x683.jpg 1024w, http:\/\/www.trattoria-una.de\/wordpress\/wp-content\/uploads\/2019\/04\/imprUna2018_20181112_RNausstellungen_DSC0258-1-300x200.jpg 300w, http:\/\/www.trattoria-una.de\/wordpress\/wp-content\/uploads\/2019\/04\/imprUna2018_20181112_RNausstellungen_DSC0258-1-768x512.jpg 768w, http:\/\/www.trattoria-una.de\/wordpress\/wp-content\/uploads\/2019\/04\/imprUna2018_20181112_RNausstellungen_DSC0258-1.jpg 1600w\" sizes=\"(max-width: 1024px) 100vw, 1024px\" \/><\/figure><\/li><\/ul><\/figure>\n","protected":false},"excerpt":{"rendered":"<p>Kulinarisches und Kunst zusammenbringen. Wir pr\u00e4sentieren Ihnen in unseren R\u00e4umlichkeiten stolz die neuen Werke der K\u00fcnstlerin Renate R\u00fcter-Nork aus Bergisch Gladbach. Weitere Informationen \u00fcber die K\u00fcnstlerin finden sie unter https:\/\/www.rn-acrylbilder.de\/dauerausstellung-una-neue-bilder\/<\/p>\n","protected":false},"author":1,"featured_media":281,"parent":0,"menu_order":0,"comment_status":"closed","ping_status":"closed","template":"","meta":[],"_links":{"self":[{"href":"http:\/\/www.trattoria-una.de\/wordpress\/wp-json\/wp\/v2\/pages\/93"}],"collection":[{"href":"http:\/\/www.trattoria-una.de\/wordpress\/wp-json\/wp\/v2\/pages"}],"about":[{"href":"http:\/\/www.trattoria-una.de\/wordpress\/wp-json\/wp\/v2\/types\/page"}],"author":[{"embeddable":true,"href":"http:\/\/www.trattoria-una.de\/wordpress\/wp-json\/wp\/v2\/users\/1"}],"replies":[{"embeddable":true,"href":"http:\/\/www.trattoria-una.de\/wordpress\/wp-json\/wp\/v2\/comments?post=93"}],"version-history":[{"count":4,"href":"http:\/\/www.trattoria-una.de\/wordpress\/wp-json\/wp\/v2\/pages\/93\/revisions"}],"predecessor-version":[{"id":285,"href":"http:\/\/www.trattoria-una.de\/wordpress\/wp-json\/wp\/v2\/pages\/93\/revisions\/285"}],"wp:featuredmedia":[{"embeddable":true,"href":"http:\/\/www.trattoria-una.de\/wordpress\/wp-json\/wp\/v2\/media\/281"}],"wp:attachment":[{"href":"http:\/\/www.trattoria-una.de\/wordpress\/wp-json\/wp\/v2\/media?parent=93"}],"curies":[{"name":"wp","href":"https:\/\/api.w.org\/{rel}","templated":true}]}}